{"id":206,"date":"2013-06-19T23:36:35","date_gmt":"2013-06-19T21:36:35","guid":{"rendered":"http:\/\/clic-ok.fr\/?page_id=206"},"modified":"2019-09-10T17:43:29","modified_gmt":"2019-09-10T15:43:29","slug":"nos-installations","status":"publish","type":"page","link":"https:\/\/clic-ok.fr\/?page_id=206","title":{"rendered":"Nos installations"},"content":{"rendered":"<div style=\"padding-bottom:20px; padding-top:10px;\" class=\"hupso-share-buttons\"><!-- Hupso Share Buttons - https:\/\/www.hupso.com\/share\/ --><a class=\"hupso_toolbar\" href=\"https:\/\/www.hupso.com\/share\/\"><img src=\"https:\/\/static.hupso.com\/share\/buttons\/lang\/fr\/share-medium.png\" style=\"border:0px; padding-top: 5px; float:left;\" alt=\"Share Button\"\/><\/a><script type=\"text\/javascript\">var hupso_services_t=new Array(\"Twitter\",\"Facebook\",\"Google Plus\");var hupso_background_t=\"#EAF4FF\";var hupso_border_t=\"#66CCFF\";var hupso_toolbar_size_t=\"medium\";var hupso_image_folder_url = \"\";var hupso_url_t=\"\";var hupso_title_t=\"Nos%20installations\";<\/script><script type=\"text\/javascript\" src=\"https:\/\/static.hupso.com\/share\/js\/share_toolbar.js\"><\/script><!-- Hupso Share Buttons --><\/div><p><a href=\"https:\/\/clic-ok.fr\/wp-content\/uploads\/2016\/08\/DSC_0092-test.jpg\"><img decoding=\"async\" loading=\"lazy\" width=\"620\" height=\"412\" class=\"size-large wp-image-1215 aligncenter\" alt=\"DSC_0092 test\" src=\"https:\/\/clic-ok.fr\/wp-content\/uploads\/2016\/08\/DSC_0092-test-1024x681.jpg\" srcset=\"https:\/\/clic-ok.fr\/wp-content\/uploads\/2016\/08\/DSC_0092-test-1024x681.jpg 1024w, https:\/\/clic-ok.fr\/wp-content\/uploads\/2016\/08\/DSC_0092-test-300x199.jpg 300w, https:\/\/clic-ok.fr\/wp-content\/uploads\/2016\/08\/DSC_0092-test-768x510.jpg 768w\" sizes=\"(max-width: 620px) 100vw, 620px\" \/><\/a><\/p>\n<p>&nbsp;<\/p>\n<p>Adresse des installations :<\/p>\n<p>Gymnase de l&rsquo;Amicale du CAEPE<\/p>\n<p>Route du G\u00e9n\u00e9ral NIOX<\/p>\n<p>33160 St M\u00e9dard en Jalles<\/p>\n<p>&nbsp;<\/p>\n<p><a href=\"https:\/\/clic-ok.fr\/wp-content\/uploads\/2013\/06\/Plan-Acc\u00e8s-CAEPE.pdf\">Plan Acc\u00e8s CAEPE<\/a><\/p>\n<p><span style=\"font-size: medium;\"><span style=\"font-family: Comic sans MS,Arial,sans-serif;\">&nbsp;<\/span><\/span><\/p>\n","protected":false},"excerpt":{"rendered":"<div style=\"padding-bottom:20px; padding-top:10px;\" class=\"hupso-share-buttons\"><!-- Hupso Share Buttons - https:\/\/www.hupso.com\/share\/ --><a class=\"hupso_toolbar\" href=\"https:\/\/www.hupso.com\/share\/\"><img src=\"https:\/\/static.hupso.com\/share\/buttons\/lang\/fr\/share-medium.png\" style=\"border:0px; padding-top: 5px; float:left;\" alt=\"Share Button\"\/><\/a><script type=\"text\/javascript\">var hupso_services_t=new Array(\"Twitter\",\"Facebook\",\"Google Plus\");var hupso_background_t=\"#EAF4FF\";var hupso_border_t=\"#66CCFF\";var hupso_toolbar_size_t=\"medium\";var hupso_image_folder_url = \"\";var hupso_url_t=\"\";var hupso_title_t=\"Nos%20installations\";<\/script><script type=\"text\/javascript\" src=\"https:\/\/static.hupso.com\/share\/js\/share_toolbar.js\"><\/script><!-- Hupso Share Buttons --><\/div><div class=\"mh-excerpt\"><p>&nbsp; Adresse des installations : Gymnase de l&rsquo;Amicale du CAEPE Route du G\u00e9n\u00e9ral NIOX 33160 St M\u00e9dard en Jalles &nbsp; Plan Acc\u00e8s CAEPE &nbsp;<\/p>\n<\/div>","protected":false},"author":1,"featured_media":0,"parent":167,"menu_order":1,"comment_status":"closed","ping_status":"open","template":"","meta":[],"_links":{"self":[{"href":"https:\/\/clic-ok.fr\/index.php?rest_route=\/wp\/v2\/pages\/206"}],"collection":[{"href":"https:\/\/clic-ok.fr\/index.php?rest_route=\/wp\/v2\/pages"}],"about":[{"href":"https:\/\/clic-ok.fr\/index.php?rest_route=\/wp\/v2\/types\/page"}],"author":[{"embeddable":true,"href":"https:\/\/clic-ok.fr\/index.php?rest_route=\/wp\/v2\/users\/1"}],"replies":[{"embeddable":true,"href":"https:\/\/clic-ok.fr\/index.php?rest_route=%2Fwp%2Fv2%2Fcomments&post=206"}],"version-history":[{"count":6,"href":"https:\/\/clic-ok.fr\/index.php?rest_route=\/wp\/v2\/pages\/206\/revisions"}],"predecessor-version":[{"id":2247,"href":"https:\/\/clic-ok.fr\/index.php?rest_route=\/wp\/v2\/pages\/206\/revisions\/2247"}],"up":[{"embeddable":true,"href":"https:\/\/clic-ok.fr\/index.php?rest_route=\/wp\/v2\/pages\/167"}],"wp:attachment":[{"href":"https:\/\/clic-ok.fr\/index.php?rest_route=%2Fwp%2Fv2%2Fmedia&parent=206"}],"curies":[{"name":"wp","href":"https:\/\/api.w.org\/{rel}","templated":true}]}}